{"id":58,"date":"2019-08-31T09:54:53","date_gmt":"2019-08-31T09:54:53","guid":{"rendered":"https:\/\/samrotech.de\/?page_id=58"},"modified":"2019-08-31T09:54:53","modified_gmt":"2019-08-31T09:54:53","slug":"impressum","status":"publish","type":"page","link":"https:\/\/samrotech.de\/?page_id=58","title":{"rendered":"Impressum"},"content":{"rendered":"<p>Betreiber und verantwortlich f\u00fcr die Inhalte dieser Webseite ist:<\/p>\n<p>Robert Jahn<br \/>\nsamrotech \/ Sportnahrung Jahn<br \/>\nRiesengebirgsstr. 107<br \/>\n47445 Moers<br \/>\nDeutschland<\/p>\n<p>Tel.: <span data-isfreecall=\"false\" data-ismobile=\"false\" data-isrtl=\"false\" data-numbertocall=\"+4928411693992\" data-numbertype=\"paid\">+49 2841 1693992<\/span><br \/>\nFax: +49 2841 60 23 21 0<br \/>\nE-Mail: info@samrotech.de<\/p>\n<p>Umsatzsteuer-Identifikationsnummer gem\u00e4\u00df \u00a7 27 a Umsatzsteuergesetz: DE 273908484<\/p>\n<p>Informationen zur Online-Streitbeilegung: Die EU-Kommission wird im ersten Quartal 2016 eine Internetplattform zur Online-Beilegung von Streitigkeiten (sog. \u201eOS-Plattform\u201c) bereitstellen. Die OS-Plattform soll als Anlaufstelle zur au\u00dfergerichtlichen Beilegung von Streitigkeiten betreffend vertragliche Verpflichtungen, die aus Online-Kaufvertr\u00e4gen erwachsen, dienen. Die OS-Plattform wird unter folgendem Link erreichbar sein: http:\/\/ec.europa.eu\/consumers\/odr<\/p>\n<p>Robert Jahn<\/p>\n<p><strong>\u00d6ffnungszeiten Ladenlokal<\/strong><\/p>\n<ul>\n<li>Mo &#8211; Di 10.00 &#8211; 13.00 Uhr und 15.00 &#8211; 19.00 Uhr<\/li>\n<li>Mi 10.00 &#8211; 13.00 Uhr<\/li>\n<li>Do &#8211; Fr 10.00 &#8211; 13.00 Uhr und 15.00 &#8211; 19.00 Uhr<\/li>\n<li>Sa 10.00 &#8211; 14.00 Uhr<\/li>\n<\/ul>\n<p>Abholung au\u00dferhalb der Gesch\u00e4ftszeiten nach Absprache m\u00f6glich.<\/p>\n","protected":false},"excerpt":{"rendered":"<p>Betreiber und verantwortlich f\u00fcr die Inhalte dieser Webseite ist: Robert Jahn samrotech \/ Sportnahrung Jahn Riesengebirgsstr. 107 47445 Moers Deutschland Tel.: +49 2841 1693992 Fax: +49 2841 60 23 21 0 E-Mail: info@samrotech.de Umsatzsteuer-Identifikationsnummer gem\u00e4\u00df \u00a7 27 a Umsatzsteuergesetz: DE 273908484 Informationen zur Online-Streitbeilegung: Die EU-Kommission wird im ersten Quartal 2016 eine Internetplattform zur Online-Beilegung [&hellip;]<\/p>\n","protected":false},"author":2,"featured_media":0,"parent":0,"menu_order":0,"comment_status":"closed","ping_status":"closed","template":"","meta":{"footnotes":""},"class_list":["post-58","page","type-page","status-publish","hentry","post"],"yoast_head":"<!-- This site is optimized with the Yoast SEO plugin v26.0 - https:\/\/yoast.com\/wordpress\/plugins\/seo\/ -->\n<title>Impressum - Samrotech<\/title>\n<meta name=\"robots\" content=\"index, follow, max-snippet:-1, max-image-preview:large, max-video-preview:-1\" \/>\n<link rel=\"canonical\" href=\"https:\/\/samrotech.de\/?page_id=58\" \/>\n<meta property=\"og:locale\" content=\"de_DE\" \/>\n<meta property=\"og:type\" content=\"article\" \/>\n<meta property=\"og:title\" content=\"Impressum - Samrotech\" \/>\n<meta property=\"og:description\" content=\"Betreiber und verantwortlich f\u00fcr die Inhalte dieser Webseite ist: Robert Jahn samrotech \/ Sportnahrung Jahn Riesengebirgsstr. 107 47445 Moers Deutschland Tel.: +49 2841 1693992 Fax: +49 2841 60 23 21 0 E-Mail: info@samrotech.de Umsatzsteuer-Identifikationsnummer gem\u00e4\u00df \u00a7 27 a Umsatzsteuergesetz: DE 273908484 Informationen zur Online-Streitbeilegung: Die EU-Kommission wird im ersten Quartal 2016 eine Internetplattform zur Online-Beilegung [&hellip;]\" \/>\n<meta property=\"og:url\" content=\"https:\/\/samrotech.de\/?page_id=58\" \/>\n<meta property=\"og:site_name\" content=\"Samrotech\" \/>\n<meta name=\"twitter:card\" content=\"summary_large_image\" \/>\n<meta name=\"twitter:label1\" content=\"Gesch\u00e4tzte Lesezeit\" \/>\n\t<meta name=\"twitter:data1\" content=\"1\u00a0Minute\" \/>\n<script type=\"application\/ld+json\" class=\"yoast-schema-graph\">{\"@context\":\"https:\/\/schema.org\",\"@graph\":[{\"@type\":\"WebPage\",\"@id\":\"https:\/\/samrotech.de\/?page_id=58\",\"url\":\"https:\/\/samrotech.de\/?page_id=58\",\"name\":\"Impressum - Samrotech\",\"isPartOf\":{\"@id\":\"https:\/\/samrotech.de\/#website\"},\"datePublished\":\"2019-08-31T09:54:53+00:00\",\"breadcrumb\":{\"@id\":\"https:\/\/samrotech.de\/?page_id=58#breadcrumb\"},\"inLanguage\":\"de\",\"potentialAction\":[{\"@type\":\"ReadAction\",\"target\":[\"https:\/\/samrotech.de\/?page_id=58\"]}]},{\"@type\":\"BreadcrumbList\",\"@id\":\"https:\/\/samrotech.de\/?page_id=58#breadcrumb\",\"itemListElement\":[{\"@type\":\"ListItem\",\"position\":1,\"name\":\"Home\",\"item\":\"https:\/\/samrotech.de\/\"},{\"@type\":\"ListItem\",\"position\":2,\"name\":\"Impressum\"}]},{\"@type\":\"WebSite\",\"@id\":\"https:\/\/samrotech.de\/#website\",\"url\":\"https:\/\/samrotech.de\/\",\"name\":\"Samrotech\",\"description\":\"Dienstleistungsservice\",\"publisher\":{\"@id\":\"https:\/\/samrotech.de\/#\/schema\/person\/c20df4ea2559b63a653d8ff732665b8e\"},\"potentialAction\":[{\"@type\":\"SearchAction\",\"target\":{\"@type\":\"EntryPoint\",\"urlTemplate\":\"https:\/\/samrotech.de\/?s={search_term_string}\"},\"query-input\":{\"@type\":\"PropertyValueSpecification\",\"valueRequired\":true,\"valueName\":\"search_term_string\"}}],\"inLanguage\":\"de\"},{\"@type\":[\"Person\",\"Organization\"],\"@id\":\"https:\/\/samrotech.de\/#\/schema\/person\/c20df4ea2559b63a653d8ff732665b8e\",\"name\":\"admin\",\"image\":{\"@type\":\"ImageObject\",\"inLanguage\":\"de\",\"@id\":\"https:\/\/samrotech.de\/#\/schema\/person\/image\/\",\"url\":\"https:\/\/secure.gravatar.com\/avatar\/ad43892a124b4d3151d01ea099bd8e60093b07d9fc264e5ee88a6bfaac3b054b?s=96&d=mm&r=g\",\"contentUrl\":\"https:\/\/secure.gravatar.com\/avatar\/ad43892a124b4d3151d01ea099bd8e60093b07d9fc264e5ee88a6bfaac3b054b?s=96&d=mm&r=g\",\"caption\":\"admin\"},\"logo\":{\"@id\":\"https:\/\/samrotech.de\/#\/schema\/person\/image\/\"}}]}<\/script>\n<!-- \/ Yoast SEO plugin. -->","yoast_head_json":{"title":"Impressum - Samrotech","robots":{"index":"index","follow":"follow","max-snippet":"max-snippet:-1","max-image-preview":"max-image-preview:large","max-video-preview":"max-video-preview:-1"},"canonical":"https:\/\/samrotech.de\/?page_id=58","og_locale":"de_DE","og_type":"article","og_title":"Impressum - Samrotech","og_description":"Betreiber und verantwortlich f\u00fcr die Inhalte dieser Webseite ist: Robert Jahn samrotech \/ Sportnahrung Jahn Riesengebirgsstr. 107 47445 Moers Deutschland Tel.: +49 2841 1693992 Fax: +49 2841 60 23 21 0 E-Mail: info@samrotech.de Umsatzsteuer-Identifikationsnummer gem\u00e4\u00df \u00a7 27 a Umsatzsteuergesetz: DE 273908484 Informationen zur Online-Streitbeilegung: Die EU-Kommission wird im ersten Quartal 2016 eine Internetplattform zur Online-Beilegung [&hellip;]","og_url":"https:\/\/samrotech.de\/?page_id=58","og_site_name":"Samrotech","twitter_card":"summary_large_image","twitter_misc":{"Gesch\u00e4tzte Lesezeit":"1\u00a0Minute"},"schema":{"@context":"https:\/\/schema.org","@graph":[{"@type":"WebPage","@id":"https:\/\/samrotech.de\/?page_id=58","url":"https:\/\/samrotech.de\/?page_id=58","name":"Impressum - Samrotech","isPartOf":{"@id":"https:\/\/samrotech.de\/#website"},"datePublished":"2019-08-31T09:54:53+00:00","breadcrumb":{"@id":"https:\/\/samrotech.de\/?page_id=58#breadcrumb"},"inLanguage":"de","potentialAction":[{"@type":"ReadAction","target":["https:\/\/samrotech.de\/?page_id=58"]}]},{"@type":"BreadcrumbList","@id":"https:\/\/samrotech.de\/?page_id=58#breadcrumb","itemListElement":[{"@type":"ListItem","position":1,"name":"Home","item":"https:\/\/samrotech.de\/"},{"@type":"ListItem","position":2,"name":"Impressum"}]},{"@type":"WebSite","@id":"https:\/\/samrotech.de\/#website","url":"https:\/\/samrotech.de\/","name":"Samrotech","description":"Dienstleistungsservice","publisher":{"@id":"https:\/\/samrotech.de\/#\/schema\/person\/c20df4ea2559b63a653d8ff732665b8e"},"potentialAction":[{"@type":"SearchAction","target":{"@type":"EntryPoint","urlTemplate":"https:\/\/samrotech.de\/?s={search_term_string}"},"query-input":{"@type":"PropertyValueSpecification","valueRequired":true,"valueName":"search_term_string"}}],"inLanguage":"de"},{"@type":["Person","Organization"],"@id":"https:\/\/samrotech.de\/#\/schema\/person\/c20df4ea2559b63a653d8ff732665b8e","name":"admin","image":{"@type":"ImageObject","inLanguage":"de","@id":"https:\/\/samrotech.de\/#\/schema\/person\/image\/","url":"https:\/\/secure.gravatar.com\/avatar\/ad43892a124b4d3151d01ea099bd8e60093b07d9fc264e5ee88a6bfaac3b054b?s=96&d=mm&r=g","contentUrl":"https:\/\/secure.gravatar.com\/avatar\/ad43892a124b4d3151d01ea099bd8e60093b07d9fc264e5ee88a6bfaac3b054b?s=96&d=mm&r=g","caption":"admin"},"logo":{"@id":"https:\/\/samrotech.de\/#\/schema\/person\/image\/"}}]}},"_links":{"self":[{"href":"https:\/\/samrotech.de\/index.php?rest_route=\/wp\/v2\/pages\/58","targetHints":{"allow":["GET"]}}],"collection":[{"href":"https:\/\/samrotech.de\/index.php?rest_route=\/wp\/v2\/pages"}],"about":[{"href":"https:\/\/samrotech.de\/index.php?rest_route=\/wp\/v2\/types\/page"}],"author":[{"embeddable":true,"href":"https:\/\/samrotech.de\/index.php?rest_route=\/wp\/v2\/users\/2"}],"replies":[{"embeddable":true,"href":"https:\/\/samrotech.de\/index.php?rest_route=%2Fwp%2Fv2%2Fcomments&post=58"}],"version-history":[{"count":1,"href":"https:\/\/samrotech.de\/index.php?rest_route=\/wp\/v2\/pages\/58\/revisions"}],"predecessor-version":[{"id":59,"href":"https:\/\/samrotech.de\/index.php?rest_route=\/wp\/v2\/pages\/58\/revisions\/59"}],"wp:attachment":[{"href":"https:\/\/samrotech.de\/index.php?rest_route=%2Fwp%2Fv2%2Fmedia&parent=58"}],"curies":[{"name":"wp","href":"https:\/\/api.w.org\/{rel}","templated":true}]}}